{"id":7702,"date":"2024-06-28T11:01:43","date_gmt":"2024-06-28T09:01:43","guid":{"rendered":"https:\/\/nowa-neviacapital.pl\/team\/maciej-daciewicz\/"},"modified":"2025-05-01T09:49:51","modified_gmt":"2025-05-01T07:49:51","slug":"maciej-daciewicz","status":"publish","type":"page","link":"https:\/\/neviacapital.com\/en\/team\/maciej-daciewicz\/","title":{"rendered":"Maciej Daciewicz"},"content":{"rendered":"\t\t<div data-elementor-type=\"wp-page\" data-elementor-id=\"7702\" class=\"elementor elementor-7702 elementor-5132\">\n\t\t\t\t\t\t<section class=\"elementor-section elementor-top-section elementor-element elementor-element-60e7a92 ot-traditional elementor-section-boxed elementor-section-height-default elementor-section-height-default\" data-id=\"60e7a92\" data-element_type=\"section\" data-e-type=\"section\">\n\t\t\t\t\t\t<div class=\"elementor-container elementor-column-gap-extended\">\n\t\t\t\t\t<div class=\"elementor-column elementor-col-50 elementor-top-column elementor-element elementor-element-973475e ot-flex-column-vertical\" data-id=\"973475e\" data-element_type=\"column\" data-e-type=\"column\">\n\t\t\t<div class=\"elementor-widget-wrap elementor-element-populated\">\n\t\t\t\t\t\t<div class=\"elementor-element elementor-element-736a80d elementor-widget elementor-widget-image\" data-id=\"736a80d\" data-element_type=\"widget\" data-e-type=\"widget\" data-widget_type=\"image.default\">\n\t\t\t\t<div class=\"elementor-widget-container\">\n\t\t\t\t\t\t\t\t\t\t\t\t\t\t\t<img fetchpriority=\"high\" decoding=\"async\" width=\"437\" height=\"583\" src=\"https:\/\/neviacapital.com\/wp-content\/uploads\/2025\/02\/maciej-daciewicz-nevia-capital.jpg\" class=\"attachment-full size-full wp-image-7622\" alt=\"Maciej Daciewicz Nevia Capital\" srcset=\"https:\/\/neviacapital.com\/wp-content\/uploads\/2025\/02\/maciej-daciewicz-nevia-capital.jpg 437w, https:\/\/neviacapital.com\/wp-content\/uploads\/2025\/02\/maciej-daciewicz-nevia-capital-225x300.jpg 225w\" sizes=\"(max-width: 437px) 100vw, 437px\" \/>\t\t\t\t\t\t\t\t\t\t\t\t\t\t\t<\/div>\n\t\t\t\t<\/div>\n\t\t\t\t\t<\/div>\n\t\t<\/div>\n\t\t\t\t<div class=\"elementor-column elementor-col-50 elementor-top-column elementor-element elementor-element-50bfeb3 ot-column-items-space-between ot-flex-column-vertical\" data-id=\"50bfeb3\" data-element_type=\"column\" data-e-type=\"column\">\n\t\t\t<div class=\"elementor-widget-wrap elementor-element-populated\">\n\t\t\t\t\t\t<div class=\"elementor-element elementor-element-5487365 elementor-widget elementor-widget-heading\" data-id=\"5487365\" data-element_type=\"widget\" data-e-type=\"widget\" data-widget_type=\"heading.default\">\n\t\t\t\t<div class=\"elementor-widget-container\">\n\t\t\t\t\t<h2 class=\"elementor-heading-title elementor-size-default\">Maciej Daciewicz, CFA, MBA<\/h2>\t\t\t\t<\/div>\n\t\t\t\t<\/div>\n\t\t\t\t<div class=\"elementor-element elementor-element-65736a5 elementor-widget elementor-widget-text-editor\" data-id=\"65736a5\" data-element_type=\"widget\" data-e-type=\"widget\" data-widget_type=\"text-editor.default\">\n\t\t\t\t<div class=\"elementor-widget-container\">\n\t\t\t\t\t\t\t\t\t<p>For over twenty years, he has been active in the financial services industry, and completed numerous projects in investment banking and corporate finance. He gained professional experience at UCI\/Pekao Bank (Mergers and Acquisitions Team), the National Capital Fund, PFR Ventures, the Inventity Foundation, and the EVIP Advisory Group (corporate finance advisory).   &nbsp;<\/p><p>He managed the creation of a VC fund portfolio worth over 50 million CHF and CVC funds valued at 200 million EUR. He has served as chairman and member of company supervisory boards and investment committees in several VC funds. He has extensive experience in managing advisory and investment projects, leveraging financial modeling and analysis to assess companies&#8217; financial standing and value, identify growth opportunities, and make informed strategic decisions.   <\/p>\t\t\t\t\t\t\t\t<\/div>\n\t\t\t\t<\/div>\n\t\t\t\t<div class=\"elementor-element elementor-element-3b15401 e-grid-align-left elementor-widget__width-initial elementor-shape-rounded elementor-grid-0 elementor-widget elementor-widget-social-icons\" data-id=\"3b15401\" data-element_type=\"widget\" data-e-type=\"widget\" data-widget_type=\"social-icons.default\">\n\t\t\t\t<div class=\"elementor-widget-container\">\n\t\t\t\t\t\t\t<div class=\"elementor-social-icons-wrapper elementor-grid\">\n\t\t\t\t\t\t\t<span class=\"elementor-grid-item\">\n\t\t\t\t\t<a class=\"elementor-icon elementor-social-icon elementor-social-icon-linkedin-in elementor-repeater-item-6aebb2d\" href=\"https:\/\/www.linkedin.com\/in\/maciej-daciewicz-cfa-93878292\/\" target=\"_blank\" rel=\"nofollow\">\n\t\t\t\t\t\t<span class=\"elementor-screen-only\">Linkedin-in<\/span>\n\t\t\t\t\t\t<svg aria-hidden=\"true\" class=\"e-font-icon-svg e-fab-linkedin-in\" viewBox=\"0 0 448 512\" xmlns=\"http:\/\/www.w3.org\/2000\/svg\"><path d=\"M100.28 448H7.4V148.9h92.88zM53.79 108.1C24.09 108.1 0 83.5 0 53.8a53.79 53.79 0 0 1 107.58 0c0 29.7-24.1 54.3-53.79 54.3zM447.9 448h-92.68V302.4c0-34.7-.7-79.2-48.29-79.2-48.29 0-55.69 37.7-55.69 76.7V448h-92.78V148.9h89.08v40.8h1.3c12.4-23.5 42.69-48.3 87.88-48.3 94 0 111.28 61.9 111.28 142.3V448z\"><\/path><\/svg>\t\t\t\t\t<\/a>\n\t\t\t\t<\/span>\n\t\t\t\t\t<\/div>\n\t\t\t\t\t\t<\/div>\n\t\t\t\t<\/div>\n\t\t\t\t\t<\/div>\n\t\t<\/div>\n\t\t\t\t\t<\/div>\n\t\t<\/section>\n\t\t\t\t<\/div>\n\t\t","protected":false},"excerpt":{"rendered":"<p>Maciej Daciewicz, CFA, MBA For over twenty years, he has been active in the financial services industry, and completed numerous projects in investment banking and corporate finance. He gained professional experience at UCI\/Pekao Bank (Mergers and Acquisitions Team), the National Capital Fund, PFR Ventures, the Inventity Foundation, and the EVIP Advisory Group (corporate finance advisory). [&hellip;]<\/p>\n","protected":false},"author":1,"featured_media":0,"parent":7689,"menu_order":0,"comment_status":"closed","ping_status":"closed","template":"","meta":{"footnotes":""},"class_list":["post-7702","page","type-page","status-publish","hentry"],"yoast_head":"<!-- This site is optimized with the Yoast SEO plugin v27.3 - https:\/\/yoast.com\/product\/yoast-seo-wordpress\/ -->\n<title>Ekspert w obszarze Corporate Finance, od\u00a0ponad 20 lat zwi\u0105zany z\u00a0bran\u017c\u0105 finansow\u0105 i inwestycyjn\u0105<\/title>\n<meta name=\"description\" content=\"Partner w Nevia Capital odpowiedzialny za Corporate Finance, modelowanie finansowe, analizy, wyceny, doradztwo transakcyjne.\" \/>\n<meta name=\"robots\" content=\"index, follow, max-snippet:-1, max-image-preview:large, max-video-preview:-1\" \/>\n<link rel=\"canonical\" href=\"https:\/\/neviacapital.com\/en\/team\/maciej-daciewicz\/\" \/>\n<meta property=\"og:locale\" content=\"en_US\" \/>\n<meta property=\"og:type\" content=\"article\" \/>\n<meta property=\"og:title\" content=\"Ekspert w obszarze Corporate Finance, od\u00a0ponad 20 lat zwi\u0105zany z\u00a0bran\u017c\u0105 finansow\u0105 i inwestycyjn\u0105\" \/>\n<meta property=\"og:description\" content=\"Partner w Nevia Capital odpowiedzialny za Corporate Finance, modelowanie finansowe, analizy, wyceny, doradztwo transakcyjne.\" \/>\n<meta property=\"og:url\" content=\"https:\/\/neviacapital.com\/en\/team\/maciej-daciewicz\/\" \/>\n<meta property=\"og:site_name\" content=\"Nevia Capital\" \/>\n<meta property=\"article:modified_time\" content=\"2025-05-01T07:49:51+00:00\" \/>\n<meta property=\"og:image\" content=\"https:\/\/neviacapital.com\/wp-content\/uploads\/2025\/02\/maciej-daciewicz-nevia-capital.jpg\" \/>\n<meta name=\"twitter:card\" content=\"summary_large_image\" \/>\n<meta name=\"twitter:label1\" content=\"Est. reading time\" \/>\n\t<meta name=\"twitter:data1\" content=\"1 minute\" \/>\n<script type=\"application\/ld+json\" class=\"yoast-schema-graph\">{\"@context\":\"https:\\\/\\\/schema.org\",\"@graph\":[{\"@type\":\"WebPage\",\"@id\":\"https:\\\/\\\/neviacapital.com\\\/en\\\/team\\\/maciej-daciewicz\\\/\",\"url\":\"https:\\\/\\\/neviacapital.com\\\/en\\\/team\\\/maciej-daciewicz\\\/\",\"name\":\"Ekspert w obszarze Corporate Finance, od\u00a0ponad 20 lat zwi\u0105zany z\u00a0bran\u017c\u0105 finansow\u0105 i inwestycyjn\u0105\",\"isPartOf\":{\"@id\":\"https:\\\/\\\/neviacapital.com\\\/en\\\/#website\"},\"primaryImageOfPage\":{\"@id\":\"https:\\\/\\\/neviacapital.com\\\/en\\\/team\\\/maciej-daciewicz\\\/#primaryimage\"},\"image\":{\"@id\":\"https:\\\/\\\/neviacapital.com\\\/en\\\/team\\\/maciej-daciewicz\\\/#primaryimage\"},\"thumbnailUrl\":\"https:\\\/\\\/neviacapital.com\\\/wp-content\\\/uploads\\\/2025\\\/02\\\/maciej-daciewicz-nevia-capital.jpg\",\"datePublished\":\"2024-06-28T09:01:43+00:00\",\"dateModified\":\"2025-05-01T07:49:51+00:00\",\"description\":\"Partner w Nevia Capital odpowiedzialny za Corporate Finance, modelowanie finansowe, analizy, wyceny, doradztwo transakcyjne.\",\"breadcrumb\":{\"@id\":\"https:\\\/\\\/neviacapital.com\\\/en\\\/team\\\/maciej-daciewicz\\\/#breadcrumb\"},\"inLanguage\":\"en-US\",\"potentialAction\":[{\"@type\":\"ReadAction\",\"target\":[\"https:\\\/\\\/neviacapital.com\\\/en\\\/team\\\/maciej-daciewicz\\\/\"]}]},{\"@type\":\"ImageObject\",\"inLanguage\":\"en-US\",\"@id\":\"https:\\\/\\\/neviacapital.com\\\/en\\\/team\\\/maciej-daciewicz\\\/#primaryimage\",\"url\":\"https:\\\/\\\/neviacapital.com\\\/wp-content\\\/uploads\\\/2025\\\/02\\\/maciej-daciewicz-nevia-capital.jpg\",\"contentUrl\":\"https:\\\/\\\/neviacapital.com\\\/wp-content\\\/uploads\\\/2025\\\/02\\\/maciej-daciewicz-nevia-capital.jpg\"},{\"@type\":\"BreadcrumbList\",\"@id\":\"https:\\\/\\\/neviacapital.com\\\/en\\\/team\\\/maciej-daciewicz\\\/#breadcrumb\",\"itemListElement\":[{\"@type\":\"ListItem\",\"position\":1,\"name\":\"Home\",\"item\":\"https:\\\/\\\/neviacapital.com\\\/en\\\/\"},{\"@type\":\"ListItem\",\"position\":2,\"name\":\"Team\",\"item\":\"https:\\\/\\\/neviacapital.com\\\/en\\\/team\\\/\"},{\"@type\":\"ListItem\",\"position\":3,\"name\":\"Maciej Daciewicz\"}]},{\"@type\":\"WebSite\",\"@id\":\"https:\\\/\\\/neviacapital.com\\\/en\\\/#website\",\"url\":\"https:\\\/\\\/neviacapital.com\\\/en\\\/\",\"name\":\"Nevia Capital\",\"description\":\"\",\"publisher\":{\"@id\":\"https:\\\/\\\/neviacapital.com\\\/en\\\/#organization\"},\"potentialAction\":[{\"@type\":\"SearchAction\",\"target\":{\"@type\":\"EntryPoint\",\"urlTemplate\":\"https:\\\/\\\/neviacapital.com\\\/en\\\/?s={search_term_string}\"},\"query-input\":{\"@type\":\"PropertyValueSpecification\",\"valueRequired\":true,\"valueName\":\"search_term_string\"}}],\"inLanguage\":\"en-US\"},{\"@type\":\"Organization\",\"@id\":\"https:\\\/\\\/neviacapital.com\\\/en\\\/#organization\",\"name\":\"Nevia Capital\",\"url\":\"https:\\\/\\\/neviacapital.com\\\/en\\\/\",\"logo\":{\"@type\":\"ImageObject\",\"inLanguage\":\"en-US\",\"@id\":\"https:\\\/\\\/neviacapital.com\\\/en\\\/#\\\/schema\\\/logo\\\/image\\\/\",\"url\":\"https:\\\/\\\/neviacapital.com\\\/wp-content\\\/uploads\\\/2020\\\/09\\\/Nevia-Capital-logo-1.png\",\"contentUrl\":\"https:\\\/\\\/neviacapital.com\\\/wp-content\\\/uploads\\\/2020\\\/09\\\/Nevia-Capital-logo-1.png\",\"width\":500,\"height\":63,\"caption\":\"Nevia Capital\"},\"image\":{\"@id\":\"https:\\\/\\\/neviacapital.com\\\/en\\\/#\\\/schema\\\/logo\\\/image\\\/\"},\"sameAs\":[\"https:\\\/\\\/www.linkedin.com\\\/company\\\/nevia-capital\\\/\"]}]}<\/script>\n<!-- \/ Yoast SEO plugin. -->","yoast_head_json":{"title":"Ekspert w obszarze Corporate Finance, od\u00a0ponad 20 lat zwi\u0105zany z\u00a0bran\u017c\u0105 finansow\u0105 i inwestycyjn\u0105","description":"Partner w Nevia Capital odpowiedzialny za Corporate Finance, modelowanie finansowe, analizy, wyceny, doradztwo transakcyjne.","robots":{"index":"index","follow":"follow","max-snippet":"max-snippet:-1","max-image-preview":"max-image-preview:large","max-video-preview":"max-video-preview:-1"},"canonical":"https:\/\/neviacapital.com\/en\/team\/maciej-daciewicz\/","og_locale":"en_US","og_type":"article","og_title":"Ekspert w obszarze Corporate Finance, od\u00a0ponad 20 lat zwi\u0105zany z\u00a0bran\u017c\u0105 finansow\u0105 i inwestycyjn\u0105","og_description":"Partner w Nevia Capital odpowiedzialny za Corporate Finance, modelowanie finansowe, analizy, wyceny, doradztwo transakcyjne.","og_url":"https:\/\/neviacapital.com\/en\/team\/maciej-daciewicz\/","og_site_name":"Nevia Capital","article_modified_time":"2025-05-01T07:49:51+00:00","og_image":[{"url":"https:\/\/neviacapital.com\/wp-content\/uploads\/2025\/02\/maciej-daciewicz-nevia-capital.jpg","type":"","width":"","height":""}],"twitter_card":"summary_large_image","twitter_misc":{"Est. reading time":"1 minute"},"schema":{"@context":"https:\/\/schema.org","@graph":[{"@type":"WebPage","@id":"https:\/\/neviacapital.com\/en\/team\/maciej-daciewicz\/","url":"https:\/\/neviacapital.com\/en\/team\/maciej-daciewicz\/","name":"Ekspert w obszarze Corporate Finance, od\u00a0ponad 20 lat zwi\u0105zany z\u00a0bran\u017c\u0105 finansow\u0105 i inwestycyjn\u0105","isPartOf":{"@id":"https:\/\/neviacapital.com\/en\/#website"},"primaryImageOfPage":{"@id":"https:\/\/neviacapital.com\/en\/team\/maciej-daciewicz\/#primaryimage"},"image":{"@id":"https:\/\/neviacapital.com\/en\/team\/maciej-daciewicz\/#primaryimage"},"thumbnailUrl":"https:\/\/neviacapital.com\/wp-content\/uploads\/2025\/02\/maciej-daciewicz-nevia-capital.jpg","datePublished":"2024-06-28T09:01:43+00:00","dateModified":"2025-05-01T07:49:51+00:00","description":"Partner w Nevia Capital odpowiedzialny za Corporate Finance, modelowanie finansowe, analizy, wyceny, doradztwo transakcyjne.","breadcrumb":{"@id":"https:\/\/neviacapital.com\/en\/team\/maciej-daciewicz\/#breadcrumb"},"inLanguage":"en-US","potentialAction":[{"@type":"ReadAction","target":["https:\/\/neviacapital.com\/en\/team\/maciej-daciewicz\/"]}]},{"@type":"ImageObject","inLanguage":"en-US","@id":"https:\/\/neviacapital.com\/en\/team\/maciej-daciewicz\/#primaryimage","url":"https:\/\/neviacapital.com\/wp-content\/uploads\/2025\/02\/maciej-daciewicz-nevia-capital.jpg","contentUrl":"https:\/\/neviacapital.com\/wp-content\/uploads\/2025\/02\/maciej-daciewicz-nevia-capital.jpg"},{"@type":"BreadcrumbList","@id":"https:\/\/neviacapital.com\/en\/team\/maciej-daciewicz\/#breadcrumb","itemListElement":[{"@type":"ListItem","position":1,"name":"Home","item":"https:\/\/neviacapital.com\/en\/"},{"@type":"ListItem","position":2,"name":"Team","item":"https:\/\/neviacapital.com\/en\/team\/"},{"@type":"ListItem","position":3,"name":"Maciej Daciewicz"}]},{"@type":"WebSite","@id":"https:\/\/neviacapital.com\/en\/#website","url":"https:\/\/neviacapital.com\/en\/","name":"Nevia Capital","description":"","publisher":{"@id":"https:\/\/neviacapital.com\/en\/#organization"},"potentialAction":[{"@type":"SearchAction","target":{"@type":"EntryPoint","urlTemplate":"https:\/\/neviacapital.com\/en\/?s={search_term_string}"},"query-input":{"@type":"PropertyValueSpecification","valueRequired":true,"valueName":"search_term_string"}}],"inLanguage":"en-US"},{"@type":"Organization","@id":"https:\/\/neviacapital.com\/en\/#organization","name":"Nevia Capital","url":"https:\/\/neviacapital.com\/en\/","logo":{"@type":"ImageObject","inLanguage":"en-US","@id":"https:\/\/neviacapital.com\/en\/#\/schema\/logo\/image\/","url":"https:\/\/neviacapital.com\/wp-content\/uploads\/2020\/09\/Nevia-Capital-logo-1.png","contentUrl":"https:\/\/neviacapital.com\/wp-content\/uploads\/2020\/09\/Nevia-Capital-logo-1.png","width":500,"height":63,"caption":"Nevia Capital"},"image":{"@id":"https:\/\/neviacapital.com\/en\/#\/schema\/logo\/image\/"},"sameAs":["https:\/\/www.linkedin.com\/company\/nevia-capital\/"]}]}},"_links":{"self":[{"href":"https:\/\/neviacapital.com\/en\/wp-json\/wp\/v2\/pages\/7702","targetHints":{"allow":["GET"]}}],"collection":[{"href":"https:\/\/neviacapital.com\/en\/wp-json\/wp\/v2\/pages"}],"about":[{"href":"https:\/\/neviacapital.com\/en\/wp-json\/wp\/v2\/types\/page"}],"author":[{"embeddable":true,"href":"https:\/\/neviacapital.com\/en\/wp-json\/wp\/v2\/users\/1"}],"replies":[{"embeddable":true,"href":"https:\/\/neviacapital.com\/en\/wp-json\/wp\/v2\/comments?post=7702"}],"version-history":[{"count":1,"href":"https:\/\/neviacapital.com\/en\/wp-json\/wp\/v2\/pages\/7702\/revisions"}],"predecessor-version":[{"id":7703,"href":"https:\/\/neviacapital.com\/en\/wp-json\/wp\/v2\/pages\/7702\/revisions\/7703"}],"up":[{"embeddable":true,"href":"https:\/\/neviacapital.com\/en\/wp-json\/wp\/v2\/pages\/7689"}],"wp:attachment":[{"href":"https:\/\/neviacapital.com\/en\/wp-json\/wp\/v2\/media?parent=7702"}],"curies":[{"name":"wp","href":"https:\/\/api.w.org\/{rel}","templated":true}]}}