{"id":7729,"date":"2020-01-09T04:33:29","date_gmt":"2020-01-09T03:33:29","guid":{"rendered":"https:\/\/nowa-neviacapital.pl\/services\/transformacje-biznesowe\/"},"modified":"2025-09-18T11:17:00","modified_gmt":"2025-09-18T09:17:00","slug":"business-transformations","status":"publish","type":"page","link":"https:\/\/neviacapital.com\/en\/services\/business-transformations\/","title":{"rendered":"Business Transformations"},"content":{"rendered":"\t\t<div data-elementor-type=\"wp-page\" data-elementor-id=\"7729\" class=\"elementor elementor-7729 elementor-1583\">\n\t\t\t\t\t\t<section class=\"elementor-section elementor-top-section elementor-element elementor-element-7665faf elementor-section-content-middle elementor-reverse-tablet elementor-reverse-mobile ot-traditional elementor-section-boxed elementor-section-height-default elementor-section-height-default\" data-id=\"7665faf\" data-element_type=\"section\" data-e-type=\"section\" data-settings=\"{&quot;background_background&quot;:&quot;classic&quot;}\">\n\t\t\t\t\t\t<div class=\"elementor-container elementor-column-gap-extended\">\n\t\t\t\t\t<div class=\"elementor-column elementor-col-50 elementor-top-column elementor-element elementor-element-7aab452 ot-flex-column-vertical\" data-id=\"7aab452\" data-element_type=\"column\" data-e-type=\"column\">\n\t\t\t<div class=\"elementor-widget-wrap elementor-element-populated\">\n\t\t\t\t\t\t<div class=\"elementor-element elementor-element-97ad640 uslugi uslugi-opis elementor-widget elementor-widget-text-editor\" data-id=\"97ad640\" data-element_type=\"widget\" data-e-type=\"widget\" data-widget_type=\"text-editor.default\">\n\t\t\t\t<div class=\"elementor-widget-container\">\n\t\t\t\t\t\t\t\t\t<p>Transformation periods involve changes to business models or management structures as companies adapt to evolving market demands. These transitions may also stem from ownership changes or mergers. Leveraging data analysis and expert knowledge, we support these processes to ensure optimal efficiency and competitiveness for your business.<\/p>\t\t\t\t\t\t\t\t<\/div>\n\t\t\t\t<\/div>\n\t\t\t\t<div class=\"elementor-element elementor-element-25342f5 elementor-widget elementor-widget-heading\" data-id=\"25342f5\" data-element_type=\"widget\" data-e-type=\"widget\" data-widget_type=\"heading.default\">\n\t\t\t\t<div class=\"elementor-widget-container\">\n\t\t\t\t\t<h3 class=\"elementor-heading-title elementor-size-default\">What we can do for you:<\/h3>\t\t\t\t<\/div>\n\t\t\t\t<\/div>\n\t\t\t\t\t<\/div>\n\t\t<\/div>\n\t\t\t\t<div class=\"elementor-column elementor-col-50 elementor-top-column elementor-element elementor-element-43b9503 ot-flex-column-vertical\" data-id=\"43b9503\" data-element_type=\"column\" data-e-type=\"column\">\n\t\t\t<div class=\"elementor-widget-wrap elementor-element-populated\">\n\t\t\t\t\t\t<div class=\"elementor-element elementor-element-4d4314f elementor-widget elementor-widget-image\" data-id=\"4d4314f\" data-element_type=\"widget\" data-e-type=\"widget\" data-widget_type=\"image.default\">\n\t\t\t\t<div class=\"elementor-widget-container\">\n\t\t\t\t\t\t\t\t\t\t\t\t\t\t\t<img fetchpriority=\"high\" decoding=\"async\" width=\"800\" height=\"533\" src=\"https:\/\/neviacapital.com\/wp-content\/uploads\/2024\/12\/Nevia-Capital-transformacje-biznesowe-1.jpg\" class=\"attachment-full size-full wp-image-7584\" alt=\"Wn\u0119trze nowoczesnego budynku z du\u017c\u0105 ilo\u015bci\u0105 ro\u015blin wewn\u0105trz oraz \u0142adnym o\u015bwietleniem\" srcset=\"https:\/\/neviacapital.com\/wp-content\/uploads\/2024\/12\/Nevia-Capital-transformacje-biznesowe-1.jpg 800w, https:\/\/neviacapital.com\/wp-content\/uploads\/2024\/12\/Nevia-Capital-transformacje-biznesowe-1-300x200.jpg 300w, https:\/\/neviacapital.com\/wp-content\/uploads\/2024\/12\/Nevia-Capital-transformacje-biznesowe-1-768x512.jpg 768w, https:\/\/neviacapital.com\/wp-content\/uploads\/2024\/12\/Nevia-Capital-transformacje-biznesowe-1-720x480.jpg 720w\" sizes=\"(max-width: 800px) 100vw, 800px\" \/>\t\t\t\t\t\t\t\t\t\t\t\t\t\t\t<\/div>\n\t\t\t\t<\/div>\n\t\t\t\t\t<\/div>\n\t\t<\/div>\n\t\t\t\t\t<\/div>\n\t\t<\/section>\n\t\t\t\t<section class=\"elementor-section elementor-top-section elementor-element elementor-element-577e9a0 elementor-section-content-middle ot-traditional elementor-section-boxed elementor-section-height-default elementor-section-height-default\" data-id=\"577e9a0\" data-element_type=\"section\" data-e-type=\"section\" data-settings=\"{&quot;background_background&quot;:&quot;classic&quot;}\">\n\t\t\t\t\t\t<div class=\"elementor-container elementor-column-gap-extended\">\n\t\t\t\t\t<div class=\"elementor-column elementor-col-100 elementor-top-column elementor-element elementor-element-961e8a0 ot-flex-column-vertical\" data-id=\"961e8a0\" data-element_type=\"column\" data-e-type=\"column\">\n\t\t\t<div class=\"elementor-widget-wrap elementor-element-populated\">\n\t\t\t\t\t\t<div class=\"elementor-element elementor-element-91ca697 co_dla_was_zrobimy ot-view-default elementor-widget elementor-widget-ot-icon-list\" data-id=\"91ca697\" data-element_type=\"widget\" data-e-type=\"widget\" data-widget_type=\"ot-icon-list.default\">\n\t\t\t\t<div class=\"elementor-widget-container\">\n\t\t\t\t\t\t        <div class=\"ot-icon-list-wrapper\">\r\n\t        \t<ul class=\"unstyle ot-icon-list-items \">\r\n\t        \t\t\t        \t\t\t<li class=\"ot-icon-list-item \">\r\n\t        \t\t\t\t\r\n\t\t\t\t\t\t\t<span class=\"ot-icon-list-icon\">\r\n\t\t\t\t\t\t\t\t<svg aria-hidden=\"true\" class=\"e-font-icon-svg e-fas-square-full\" viewBox=\"0 0 512 512\" xmlns=\"http:\/\/www.w3.org\/2000\/svg\"><path d=\"M512 512H0V0h512v512z\"><\/path><\/svg>\t\t\t\t\t\t\t<\/span>\r\n\t\t\t\t\t\t\t\t\t\t\t\t\t\t<span class=\"ot-icon-list-text\"><h2>Management Accounting and Budgeting <\/h2>   Streamlining processes and delivering actionable management information are key to effective decision-making. Leveraging their financial and business expertise, our specialists will analyze processes and classify data essential for implementing a budgeting and internal reporting system tailored to your company's needs. Together, we will identify requirements, propose adjustments to the chart of accounts and system functionalities to align with managerial accounting needs, and prepare a detailed company budget. Additionally, we will conduct training sessions to equip your management team with the knowledge, skills, and tools needed for effective budgeting and ongoing performance monitoring.<\/span>\r\n\t\t\t\t\t\t\t\t        \t\t\t<\/li>\r\n\t        \t\t\t        \t\t\t<li class=\"ot-icon-list-item \">\r\n\t        \t\t\t\t\r\n\t\t\t\t\t\t\t<span class=\"ot-icon-list-icon\">\r\n\t\t\t\t\t\t\t\t<svg aria-hidden=\"true\" class=\"e-font-icon-svg e-fas-square-full\" viewBox=\"0 0 512 512\" xmlns=\"http:\/\/www.w3.org\/2000\/svg\"><path d=\"M512 512H0V0h512v512z\"><\/path><\/svg>\t\t\t\t\t\t\t<\/span>\r\n\t\t\t\t\t\t\t\t\t\t\t\t\t\t<span class=\"ot-icon-list-text\"><h2>Post-merger Integration <\/h2>   <b>Maximizing value growth following M&A transactions.<\/b>    From the very beginning of the M&A process, we can provide valuable support in planning and executing post-acquisition integration strategies and synergies. Our focus lies on financial evaluation and delivering long-term value creation.<\/span>\r\n\t\t\t\t\t\t\t\t        \t\t\t<\/li>\r\n\t        \t\t\t        \t\t\t<li class=\"ot-icon-list-item \">\r\n\t        \t\t\t\t\r\n\t\t\t\t\t\t\t<span class=\"ot-icon-list-icon\">\r\n\t\t\t\t\t\t\t\t<svg aria-hidden=\"true\" class=\"e-font-icon-svg e-fas-square-full\" viewBox=\"0 0 512 512\" xmlns=\"http:\/\/www.w3.org\/2000\/svg\"><path d=\"M512 512H0V0h512v512z\"><\/path><\/svg>\t\t\t\t\t\t\t<\/span>\r\n\t\t\t\t\t\t\t\t\t\t\t\t\t\t<span class=\"ot-icon-list-text\"><h2>Carve-out, Spin-off<\/h2>   <b>Transformations in companies and capital groups.<\/b> In cases of reorganization, we offer advisory support in carving out and transferring parts of the business to a new entity, or their sale.<\/span>\r\n\t\t\t\t\t\t\t\t        \t\t\t<\/li>\r\n\t        \t\t\t        \t<\/ul>\r\n\t        <\/div>\r\n\t    \t\t\t\t<\/div>\n\t\t\t\t<\/div>\n\t\t\t\t\t<\/div>\n\t\t<\/div>\n\t\t\t\t\t<\/div>\n\t\t<\/section>\n\t\t\t\t<section class=\"elementor-section elementor-top-section elementor-element elementor-element-082b643 ot-traditional elementor-section-boxed elementor-section-height-default elementor-section-height-default\" data-id=\"082b643\" data-element_type=\"section\" data-e-type=\"section\" data-settings=\"{&quot;background_background&quot;:&quot;classic&quot;}\">\n\t\t\t\t\t\t<div class=\"elementor-container elementor-column-gap-extended\">\n\t\t\t\t\t<div class=\"elementor-column elementor-col-33 elementor-top-column elementor-element elementor-element-a489ecb ot-flex-column-vertical\" data-id=\"a489ecb\" data-element_type=\"column\" data-e-type=\"column\">\n\t\t\t<div class=\"elementor-widget-wrap elementor-element-populated\">\n\t\t\t\t\t\t<div class=\"elementor-element elementor-element-627f53c e-transform e-transform elementor-widget elementor-widget-iimagebox1\" data-id=\"627f53c\" data-element_type=\"widget\" data-e-type=\"widget\" data-settings=\"{&quot;_transform_scale_effect_hover&quot;:{&quot;unit&quot;:&quot;px&quot;,&quot;size&quot;:1.05,&quot;sizes&quot;:[]},&quot;_transform_scale_effect&quot;:{&quot;unit&quot;:&quot;px&quot;,&quot;size&quot;:&quot;&quot;,&quot;sizes&quot;:[]},&quot;_transform_scale_effect_tablet&quot;:{&quot;unit&quot;:&quot;px&quot;,&quot;size&quot;:&quot;&quot;,&quot;sizes&quot;:[]},&quot;_transform_scale_effect_mobile&quot;:{&quot;unit&quot;:&quot;px&quot;,&quot;size&quot;:&quot;&quot;,&quot;sizes&quot;:[]},&quot;_transform_scale_effect_hover_tablet&quot;:{&quot;unit&quot;:&quot;px&quot;,&quot;size&quot;:&quot;&quot;,&quot;sizes&quot;:[]},&quot;_transform_scale_effect_hover_mobile&quot;:{&quot;unit&quot;:&quot;px&quot;,&quot;size&quot;:&quot;&quot;,&quot;sizes&quot;:[]}}\" data-widget_type=\"iimagebox1.default\">\n\t\t\t\t<div class=\"elementor-widget-container\">\n\t\t\t\t\t\t\t<a class=\"ot-image-box\" href=\"https:\/\/neviacapital.com\/en\/services\/mergers-and-acquisitions-capital-raising\/\">\r\n\t\t\t<div class=\"overlay\">\r\n\t        \t<h4>Mergers and Acquisitions, Capital Raising<\/h4>\r\n\t\t\t<\/div>\r\n\t\t\t<img decoding=\"async\" src=\"https:\/\/neviacapital.com\/wp-content\/uploads\/2024\/12\/Nevia-Capital-fuzje-i-przejecia-intro.jpg\" alt=\"Mergers and Acquisitions, Capital Raising\">\r\n\t\t<\/a>\r\n\t    \t\t\t\t<\/div>\n\t\t\t\t<\/div>\n\t\t\t\t\t<\/div>\n\t\t<\/div>\n\t\t\t\t<div class=\"elementor-column elementor-col-33 elementor-top-column elementor-element elementor-element-060fd9e ot-flex-column-vertical\" data-id=\"060fd9e\" data-element_type=\"column\" data-e-type=\"column\">\n\t\t\t<div class=\"elementor-widget-wrap elementor-element-populated\">\n\t\t\t\t\t\t<div class=\"elementor-element elementor-element-50eecb7 e-transform elementor-widget elementor-widget-iimagebox1\" data-id=\"50eecb7\" data-element_type=\"widget\" data-e-type=\"widget\" data-settings=\"{&quot;_transform_scale_effect_hover&quot;:{&quot;unit&quot;:&quot;px&quot;,&quot;size&quot;:1.05,&quot;sizes&quot;:[]},&quot;_transform_scale_effect_hover_tablet&quot;:{&quot;unit&quot;:&quot;px&quot;,&quot;size&quot;:&quot;&quot;,&quot;sizes&quot;:[]},&quot;_transform_scale_effect_hover_mobile&quot;:{&quot;unit&quot;:&quot;px&quot;,&quot;size&quot;:&quot;&quot;,&quot;sizes&quot;:[]}}\" data-widget_type=\"iimagebox1.default\">\n\t\t\t\t<div class=\"elementor-widget-container\">\n\t\t\t\t\t\t\t<a class=\"ot-image-box\" href=\"https:\/\/neviacapital.com\/en\/services\/financial-strategies\/\">\r\n\t\t\t<div class=\"overlay\">\r\n\t        \t<h4>Financial Strategies<\/h4>\r\n\t\t\t<\/div>\r\n\t\t\t<img decoding=\"async\" src=\"https:\/\/neviacapital.com\/wp-content\/uploads\/2024\/12\/Nevia-Capital-strategie-finansowe.jpg\" alt=\"Financial Strategies\">\r\n\t\t<\/a>\r\n\t    \t\t\t\t<\/div>\n\t\t\t\t<\/div>\n\t\t\t\t\t<\/div>\n\t\t<\/div>\n\t\t\t\t<div class=\"elementor-column elementor-col-33 elementor-top-column elementor-element elementor-element-f1703ea ot-flex-column-vertical\" data-id=\"f1703ea\" data-element_type=\"column\" data-e-type=\"column\">\n\t\t\t<div class=\"elementor-widget-wrap elementor-element-populated\">\n\t\t\t\t\t\t<div class=\"elementor-element elementor-element-0a26afe e-transform elementor-widget elementor-widget-iimagebox1\" data-id=\"0a26afe\" data-element_type=\"widget\" data-e-type=\"widget\" data-settings=\"{&quot;_transform_scale_effect_hover&quot;:{&quot;unit&quot;:&quot;px&quot;,&quot;size&quot;:1.05,&quot;sizes&quot;:[]},&quot;_transform_scale_effect_hover_tablet&quot;:{&quot;unit&quot;:&quot;px&quot;,&quot;size&quot;:&quot;&quot;,&quot;sizes&quot;:[]},&quot;_transform_scale_effect_hover_mobile&quot;:{&quot;unit&quot;:&quot;px&quot;,&quot;size&quot;:&quot;&quot;,&quot;sizes&quot;:[]}}\" data-widget_type=\"iimagebox1.default\">\n\t\t\t\t<div class=\"elementor-widget-container\">\n\t\t\t\t\t\t\t<a class=\"ot-image-box\" href=\"https:\/\/neviacapital.com\/en\/services\/transaction-and-financial-advisors\/\">\r\n\t\t\t<div class=\"overlay\">\r\n\t        \t<h4>Transaction and Financial Advisors<\/h4>\r\n\t\t\t<\/div>\r\n\t\t\t<img decoding=\"async\" src=\"https:\/\/neviacapital.com\/wp-content\/uploads\/2025\/09\/AdobeStock_982130690-1_square-crop.webp\" alt=\"Transaction and Financial Advisors\">\r\n\t\t<\/a>\r\n\t    \t\t\t\t<\/div>\n\t\t\t\t<\/div>\n\t\t\t\t\t<\/div>\n\t\t<\/div>\n\t\t\t\t\t<\/div>\n\t\t<\/section>\n\t\t\t\t<section class=\"elementor-section elementor-top-section elementor-element elementor-element-2169544 ot-traditional elementor-section-boxed elementor-section-height-default elementor-section-height-default\" data-id=\"2169544\" data-element_type=\"section\" data-e-type=\"section\" data-settings=\"{&quot;background_background&quot;:&quot;classic&quot;}\">\n\t\t\t\t\t\t<div class=\"elementor-container elementor-column-gap-extended\">\n\t\t\t\t\t<div class=\"elementor-column elementor-col-100 elementor-top-column elementor-element elementor-element-229a165 ot-flex-column-vertical\" data-id=\"229a165\" data-element_type=\"column\" data-e-type=\"column\">\n\t\t\t<div class=\"elementor-widget-wrap elementor-element-populated\">\n\t\t\t\t\t\t<div class=\"elementor-element elementor-element-7fc4484 elementor-widget__width-auto button-home elementor-align-center elementor-widget elementor-widget-ibutton\" data-id=\"7fc4484\" data-element_type=\"widget\" data-e-type=\"widget\" data-widget_type=\"ibutton.default\">\n\t\t\t\t<div class=\"elementor-widget-container\">\n\t\t\t\t\t\t\t<div class=\"ot-button\">\r\n\t\t\t<a href=\"\/en\/about-us#what-to-gain\" class=\"octf-btn octf-btn-primary\">Explore our impact<\/a>\r\n\t    <\/div>\r\n\t    \t\t\t\t<\/div>\n\t\t\t\t<\/div>\n\t\t\t\t\t<\/div>\n\t\t<\/div>\n\t\t\t\t\t<\/div>\n\t\t<\/section>\n\t\t\t\t<\/div>\n\t\t","protected":false},"excerpt":{"rendered":"<p>Transformation periods involve changes to business models or management structures as companies adapt to evolving market demands. These transitions may also stem from ownership changes or mergers. Leveraging data analysis and expert knowledge, we support these processes to ensure optimal efficiency and competitiveness for your business. What we can do for you: Management Accounting and [&hellip;]<\/p>\n","protected":false},"author":1,"featured_media":0,"parent":7716,"menu_order":0,"comment_status":"closed","ping_status":"closed","template":"","meta":{"footnotes":""},"class_list":["post-7729","page","type-page","status-publish","hentry"],"yoast_head":"<!-- This site is optimized with the Yoast SEO plugin v27.3 - https:\/\/yoast.com\/product\/yoast-seo-wordpress\/ -->\n<title>Business Transformations - Nevia Capital<\/title>\n<meta name=\"robots\" content=\"index, follow, max-snippet:-1, max-image-preview:large, max-video-preview:-1\" \/>\n<link rel=\"canonical\" href=\"https:\/\/neviacapital.com\/en\/services\/business-transformations\/\" \/>\n<meta property=\"og:locale\" content=\"en_US\" \/>\n<meta property=\"og:type\" content=\"article\" \/>\n<meta property=\"og:title\" content=\"Business Transformations - Nevia Capital\" \/>\n<meta property=\"og:description\" content=\"Transformation periods involve changes to business models or management structures as companies adapt to evolving market demands. These transitions may also stem from ownership changes or mergers. Leveraging data analysis and expert knowledge, we support these processes to ensure optimal efficiency and competitiveness for your business. What we can do for you: Management Accounting and [&hellip;]\" \/>\n<meta property=\"og:url\" content=\"https:\/\/neviacapital.com\/en\/services\/business-transformations\/\" \/>\n<meta property=\"og:site_name\" content=\"Nevia Capital\" \/>\n<meta property=\"article:modified_time\" content=\"2025-09-18T09:17:00+00:00\" \/>\n<meta property=\"og:image\" content=\"https:\/\/neviacapital.com\/wp-content\/uploads\/2024\/12\/Nevia-Capital-transformacje-biznesowe-1.jpg\" \/>\n\t<meta property=\"og:image:width\" content=\"800\" \/>\n\t<meta property=\"og:image:height\" content=\"533\" \/>\n\t<meta property=\"og:image:type\" content=\"image\/jpeg\" \/>\n<meta name=\"twitter:card\" content=\"summary_large_image\" \/>\n<meta name=\"twitter:label1\" content=\"Est. reading time\" \/>\n\t<meta name=\"twitter:data1\" content=\"2 minutes\" \/>\n<script type=\"application\/ld+json\" class=\"yoast-schema-graph\">{\"@context\":\"https:\\\/\\\/schema.org\",\"@graph\":[{\"@type\":\"WebPage\",\"@id\":\"https:\\\/\\\/neviacapital.com\\\/en\\\/services\\\/business-transformations\\\/\",\"url\":\"https:\\\/\\\/neviacapital.com\\\/en\\\/services\\\/business-transformations\\\/\",\"name\":\"Business Transformations - Nevia Capital\",\"isPartOf\":{\"@id\":\"https:\\\/\\\/neviacapital.com\\\/en\\\/#website\"},\"primaryImageOfPage\":{\"@id\":\"https:\\\/\\\/neviacapital.com\\\/en\\\/services\\\/business-transformations\\\/#primaryimage\"},\"image\":{\"@id\":\"https:\\\/\\\/neviacapital.com\\\/en\\\/services\\\/business-transformations\\\/#primaryimage\"},\"thumbnailUrl\":\"https:\\\/\\\/neviacapital.com\\\/wp-content\\\/uploads\\\/2024\\\/12\\\/Nevia-Capital-transformacje-biznesowe-1.jpg\",\"datePublished\":\"2020-01-09T03:33:29+00:00\",\"dateModified\":\"2025-09-18T09:17:00+00:00\",\"breadcrumb\":{\"@id\":\"https:\\\/\\\/neviacapital.com\\\/en\\\/services\\\/business-transformations\\\/#breadcrumb\"},\"inLanguage\":\"en-US\",\"potentialAction\":[{\"@type\":\"ReadAction\",\"target\":[\"https:\\\/\\\/neviacapital.com\\\/en\\\/services\\\/business-transformations\\\/\"]}]},{\"@type\":\"ImageObject\",\"inLanguage\":\"en-US\",\"@id\":\"https:\\\/\\\/neviacapital.com\\\/en\\\/services\\\/business-transformations\\\/#primaryimage\",\"url\":\"https:\\\/\\\/neviacapital.com\\\/wp-content\\\/uploads\\\/2024\\\/12\\\/Nevia-Capital-transformacje-biznesowe-1.jpg\",\"contentUrl\":\"https:\\\/\\\/neviacapital.com\\\/wp-content\\\/uploads\\\/2024\\\/12\\\/Nevia-Capital-transformacje-biznesowe-1.jpg\"},{\"@type\":\"BreadcrumbList\",\"@id\":\"https:\\\/\\\/neviacapital.com\\\/en\\\/services\\\/business-transformations\\\/#breadcrumb\",\"itemListElement\":[{\"@type\":\"ListItem\",\"position\":1,\"name\":\"Home\",\"item\":\"https:\\\/\\\/neviacapital.com\\\/en\\\/\"},{\"@type\":\"ListItem\",\"position\":2,\"name\":\"Services\",\"item\":\"https:\\\/\\\/neviacapital.com\\\/en\\\/uslugi\\\/\"},{\"@type\":\"ListItem\",\"position\":3,\"name\":\"Business Transformations\"}]},{\"@type\":\"WebSite\",\"@id\":\"https:\\\/\\\/neviacapital.com\\\/en\\\/#website\",\"url\":\"https:\\\/\\\/neviacapital.com\\\/en\\\/\",\"name\":\"Nevia Capital\",\"description\":\"\",\"publisher\":{\"@id\":\"https:\\\/\\\/neviacapital.com\\\/en\\\/#organization\"},\"potentialAction\":[{\"@type\":\"SearchAction\",\"target\":{\"@type\":\"EntryPoint\",\"urlTemplate\":\"https:\\\/\\\/neviacapital.com\\\/en\\\/?s={search_term_string}\"},\"query-input\":{\"@type\":\"PropertyValueSpecification\",\"valueRequired\":true,\"valueName\":\"search_term_string\"}}],\"inLanguage\":\"en-US\"},{\"@type\":\"Organization\",\"@id\":\"https:\\\/\\\/neviacapital.com\\\/en\\\/#organization\",\"name\":\"Nevia Capital\",\"url\":\"https:\\\/\\\/neviacapital.com\\\/en\\\/\",\"logo\":{\"@type\":\"ImageObject\",\"inLanguage\":\"en-US\",\"@id\":\"https:\\\/\\\/neviacapital.com\\\/en\\\/#\\\/schema\\\/logo\\\/image\\\/\",\"url\":\"https:\\\/\\\/neviacapital.com\\\/wp-content\\\/uploads\\\/2020\\\/09\\\/Nevia-Capital-logo-1.png\",\"contentUrl\":\"https:\\\/\\\/neviacapital.com\\\/wp-content\\\/uploads\\\/2020\\\/09\\\/Nevia-Capital-logo-1.png\",\"width\":500,\"height\":63,\"caption\":\"Nevia Capital\"},\"image\":{\"@id\":\"https:\\\/\\\/neviacapital.com\\\/en\\\/#\\\/schema\\\/logo\\\/image\\\/\"},\"sameAs\":[\"https:\\\/\\\/www.linkedin.com\\\/company\\\/nevia-capital\\\/\"]}]}<\/script>\n<!-- \/ Yoast SEO plugin. -->","yoast_head_json":{"title":"Business Transformations - Nevia Capital","robots":{"index":"index","follow":"follow","max-snippet":"max-snippet:-1","max-image-preview":"max-image-preview:large","max-video-preview":"max-video-preview:-1"},"canonical":"https:\/\/neviacapital.com\/en\/services\/business-transformations\/","og_locale":"en_US","og_type":"article","og_title":"Business Transformations - Nevia Capital","og_description":"Transformation periods involve changes to business models or management structures as companies adapt to evolving market demands. These transitions may also stem from ownership changes or mergers. Leveraging data analysis and expert knowledge, we support these processes to ensure optimal efficiency and competitiveness for your business. What we can do for you: Management Accounting and [&hellip;]","og_url":"https:\/\/neviacapital.com\/en\/services\/business-transformations\/","og_site_name":"Nevia Capital","article_modified_time":"2025-09-18T09:17:00+00:00","og_image":[{"width":800,"height":533,"url":"https:\/\/neviacapital.com\/wp-content\/uploads\/2024\/12\/Nevia-Capital-transformacje-biznesowe-1.jpg","type":"image\/jpeg"}],"twitter_card":"summary_large_image","twitter_misc":{"Est. reading time":"2 minutes"},"schema":{"@context":"https:\/\/schema.org","@graph":[{"@type":"WebPage","@id":"https:\/\/neviacapital.com\/en\/services\/business-transformations\/","url":"https:\/\/neviacapital.com\/en\/services\/business-transformations\/","name":"Business Transformations - Nevia Capital","isPartOf":{"@id":"https:\/\/neviacapital.com\/en\/#website"},"primaryImageOfPage":{"@id":"https:\/\/neviacapital.com\/en\/services\/business-transformations\/#primaryimage"},"image":{"@id":"https:\/\/neviacapital.com\/en\/services\/business-transformations\/#primaryimage"},"thumbnailUrl":"https:\/\/neviacapital.com\/wp-content\/uploads\/2024\/12\/Nevia-Capital-transformacje-biznesowe-1.jpg","datePublished":"2020-01-09T03:33:29+00:00","dateModified":"2025-09-18T09:17:00+00:00","breadcrumb":{"@id":"https:\/\/neviacapital.com\/en\/services\/business-transformations\/#breadcrumb"},"inLanguage":"en-US","potentialAction":[{"@type":"ReadAction","target":["https:\/\/neviacapital.com\/en\/services\/business-transformations\/"]}]},{"@type":"ImageObject","inLanguage":"en-US","@id":"https:\/\/neviacapital.com\/en\/services\/business-transformations\/#primaryimage","url":"https:\/\/neviacapital.com\/wp-content\/uploads\/2024\/12\/Nevia-Capital-transformacje-biznesowe-1.jpg","contentUrl":"https:\/\/neviacapital.com\/wp-content\/uploads\/2024\/12\/Nevia-Capital-transformacje-biznesowe-1.jpg"},{"@type":"BreadcrumbList","@id":"https:\/\/neviacapital.com\/en\/services\/business-transformations\/#breadcrumb","itemListElement":[{"@type":"ListItem","position":1,"name":"Home","item":"https:\/\/neviacapital.com\/en\/"},{"@type":"ListItem","position":2,"name":"Services","item":"https:\/\/neviacapital.com\/en\/uslugi\/"},{"@type":"ListItem","position":3,"name":"Business Transformations"}]},{"@type":"WebSite","@id":"https:\/\/neviacapital.com\/en\/#website","url":"https:\/\/neviacapital.com\/en\/","name":"Nevia Capital","description":"","publisher":{"@id":"https:\/\/neviacapital.com\/en\/#organization"},"potentialAction":[{"@type":"SearchAction","target":{"@type":"EntryPoint","urlTemplate":"https:\/\/neviacapital.com\/en\/?s={search_term_string}"},"query-input":{"@type":"PropertyValueSpecification","valueRequired":true,"valueName":"search_term_string"}}],"inLanguage":"en-US"},{"@type":"Organization","@id":"https:\/\/neviacapital.com\/en\/#organization","name":"Nevia Capital","url":"https:\/\/neviacapital.com\/en\/","logo":{"@type":"ImageObject","inLanguage":"en-US","@id":"https:\/\/neviacapital.com\/en\/#\/schema\/logo\/image\/","url":"https:\/\/neviacapital.com\/wp-content\/uploads\/2020\/09\/Nevia-Capital-logo-1.png","contentUrl":"https:\/\/neviacapital.com\/wp-content\/uploads\/2020\/09\/Nevia-Capital-logo-1.png","width":500,"height":63,"caption":"Nevia Capital"},"image":{"@id":"https:\/\/neviacapital.com\/en\/#\/schema\/logo\/image\/"},"sameAs":["https:\/\/www.linkedin.com\/company\/nevia-capital\/"]}]}},"_links":{"self":[{"href":"https:\/\/neviacapital.com\/en\/wp-json\/wp\/v2\/pages\/7729","targetHints":{"allow":["GET"]}}],"collection":[{"href":"https:\/\/neviacapital.com\/en\/wp-json\/wp\/v2\/pages"}],"about":[{"href":"https:\/\/neviacapital.com\/en\/wp-json\/wp\/v2\/types\/page"}],"author":[{"embeddable":true,"href":"https:\/\/neviacapital.com\/en\/wp-json\/wp\/v2\/users\/1"}],"replies":[{"embeddable":true,"href":"https:\/\/neviacapital.com\/en\/wp-json\/wp\/v2\/comments?post=7729"}],"version-history":[{"count":26,"href":"https:\/\/neviacapital.com\/en\/wp-json\/wp\/v2\/pages\/7729\/revisions"}],"predecessor-version":[{"id":8421,"href":"https:\/\/neviacapital.com\/en\/wp-json\/wp\/v2\/pages\/7729\/revisions\/8421"}],"up":[{"embeddable":true,"href":"https:\/\/neviacapital.com\/en\/wp-json\/wp\/v2\/pages\/7716"}],"wp:attachment":[{"href":"https:\/\/neviacapital.com\/en\/wp-json\/wp\/v2\/media?parent=7729"}],"curies":[{"name":"wp","href":"https:\/\/api.w.org\/{rel}","templated":true}]}}